{"id":32,"date":"2023-01-27T11:16:52","date_gmt":"2023-01-27T11:16:52","guid":{"rendered":"https:\/\/ibbfoviedo.org\/?page_id=32"},"modified":"2025-01-29T09:43:41","modified_gmt":"2025-01-29T09:43:41","slug":"direccion","status":"publish","type":"page","link":"https:\/\/ibbfoviedo.org\/?page_id=32","title":{"rendered":"Direcci\u00f3n"},"content":{"rendered":"\n<p>Iglesia B\u00edblica Bautista Fe<br>C\/. Jose Mar\u00eda Mart\u00ednez Cachero 13 Bajo izda.<br>(Porticos II, Frente al parque Oeste)&nbsp;<br>Oviedo (Asturias)<\/p>\n\n\n\n<p><strong>Correo<\/strong><br>Apartado 1116\u00a0<br>33080 Oviedo (Asturias)<br><br><strong>Tel\u00e9fono<\/strong><br>620 789 791<\/p>\n\n\n\n<p><strong>Transporte<\/strong><br>Autob\u00fas:<br>Estaci\u00f3n de autobuses de Oviedo<\/p>\n\n\n\n<p>T\u00faa:&nbsp;<br><a href=\"https:\/\/www.tua.es\/es\/lineas-y-horarios\/\">https:\/\/www.tua.es\/es\/lineas-y-horarios\/<\/a><\/p>\n\n\n\n<p>Linea&nbsp;J1<strong>&nbsp;(a San Claudio)<\/strong>&nbsp;\u2013 Parada \u2013&nbsp;<strong>1178&nbsp;<\/strong>Porticos II&nbsp;o&nbsp;<strong>1127&nbsp;<\/strong>Lavapi\u00e9s<br>Linea&nbsp;J2 <strong>(a Oviedo Centro)<\/strong>&nbsp;&nbsp;\u2013 Parada \u2013&nbsp;<strong>4503<\/strong>&nbsp;Mart\u00ednez-Cachero&nbsp;o&nbsp;<strong>4178<\/strong>&nbsp;P\u00f3rticos II<br>Linea&nbsp;E2,&nbsp;F1,&nbsp;F2,&nbsp;O2&nbsp;\u2013 Parada \u2013&nbsp;<strong>1256<\/strong>&nbsp;Plaza G. D\u00edaz Merch\u00e1n<br>Linea&nbsp;E1,&nbsp;F1,&nbsp;F2,&nbsp;O1&nbsp;\u2013 Parada \u2013&nbsp;<strong>1256<\/strong>&nbsp;Plaza G. D\u00edaz Merch\u00e1n<br>Linea&nbsp;B1,&nbsp;D2,&nbsp;G2,&nbsp;H2,&nbsp;L2 <strong>(de Oviedo Centro)<\/strong>&nbsp;\u2013 Parada \u2013&nbsp;<strong>4171&nbsp;<\/strong>Plaza de Toros<br>Linea&nbsp;B2,&nbsp;C1,&nbsp;D1,&nbsp;G1,&nbsp;H1,&nbsp;L1 <strong>(a Oviedo Centro)<\/strong>&nbsp;\u2013 Parada \u2013&nbsp;<strong>1171&nbsp;<\/strong>Plaza de Toros<\/p>\n\n\n\n<p>Tren:&nbsp;<br>Renfe Cercan\u00edas<br><a href=\"https:\/\/www.renfe.com\/es\/es\/cercanias\/cercanias-asturias\/horarios\">https:\/\/www.renfe.com\/es\/es\/cercanias\/cercanias-asturias\/horarios<\/a><br>Estaci\u00f3n de tren de Oviedo (Estaci\u00f3n del Norte)<\/p>\n\n\n\n<p>Renfe\u2013FEVE Cercan\u00edas&nbsp;<br><a rel=\"noreferrer noopener\" href=\"http:\/\/www.renfe.com\/es\/ca\/cercanias\/cercanias-feve\/horaris\" target=\"_blank\">www.renfe.com\/es\/ca\/cercanias\/cercanias-feve\/horaris<\/a><br>Parada \u2013 Arga\u00f1osa\/Lavapies<\/p>\n\n\n\n<iframe src=\"https:\/\/www.google.com\/maps\/embed?pb=!1m18!1m12!1m3!1d3497.324210586725!2d-5.875671867294869!3d43.36471471238673!2m3!1f0!2f0!3f0!3m2!1i1024!2i768!4f13.1!3m3!1m2!1s0xd368d0e8a53436b%3A0x2adca436476d3771!2sIGLESIA%20B%C3%8DBLICA%20BAUTISTA%20FE!5e1!3m2!1ses!2ses!4v1674818160915!5m2!1ses!2ses\" width=\"100%\" height=\"450\" style=\"border:0;\" allowfullscreen=\"\" loading=\"lazy\" referrerpolicy=\"no-referrer-when-downgrade\"><\/iframe>\n","protected":false},"excerpt":{"rendered":"<p>Iglesia B\u00edblica Bautista FeC\/. Jose Mar\u00eda Mart\u00ednez Cachero 13 Bajo izda.(Porticos II, Frente al parque Oeste)&nbsp;Oviedo (Asturias) CorreoApartado 1116\u00a033080 Oviedo (Asturias) Tel\u00e9fono620 789 791 TransporteAutob\u00fas:Estaci\u00f3n de autobuses de Oviedo T\u00faa:&nbsp;https:\/\/www.tua.es\/es\/lineas-y-horarios\/&hellip;<\/p>\n","protected":false},"author":1,"featured_media":52,"parent":0,"menu_order":0,"comment_status":"closed","ping_status":"closed","template":"","meta":{"footnotes":""},"class_list":["post-32","page","type-page","status-publish","has-post-thumbnail","hentry"],"_links":{"self":[{"href":"https:\/\/ibbfoviedo.org\/index.php?rest_route=\/wp\/v2\/pages\/32","targetHints":{"allow":["GET"]}}],"collection":[{"href":"https:\/\/ibbfoviedo.org\/index.php?rest_route=\/wp\/v2\/pages"}],"about":[{"href":"https:\/\/ibbfoviedo.org\/index.php?rest_route=\/wp\/v2\/types\/page"}],"author":[{"embeddable":true,"href":"https:\/\/ibbfoviedo.org\/index.php?rest_route=\/wp\/v2\/users\/1"}],"replies":[{"embeddable":true,"href":"https:\/\/ibbfoviedo.org\/index.php?rest_route=%2Fwp%2Fv2%2Fcomments&post=32"}],"version-history":[{"count":5,"href":"https:\/\/ibbfoviedo.org\/index.php?rest_route=\/wp\/v2\/pages\/32\/revisions"}],"predecessor-version":[{"id":77,"href":"https:\/\/ibbfoviedo.org\/index.php?rest_route=\/wp\/v2\/pages\/32\/revisions\/77"}],"wp:featuredmedia":[{"embeddable":true,"href":"https:\/\/ibbfoviedo.org\/index.php?rest_route=\/wp\/v2\/media\/52"}],"wp:attachment":[{"href":"https:\/\/ibbfoviedo.org\/index.php?rest_route=%2Fwp%2Fv2%2Fmedia&parent=32"}],"curies":[{"name":"wp","href":"https:\/\/api.w.org\/{rel}","templated":true}]}}