{"id":2,"date":"2023-01-27T08:18:25","date_gmt":"2023-01-27T08:18:25","guid":{"rendered":"https:\/\/ibbfoviedo.org\/?page_id=2"},"modified":"2025-01-29T09:45:58","modified_gmt":"2025-01-29T09:45:58","slug":"pagina-ejemplo","status":"publish","type":"page","link":"https:\/\/ibbfoviedo.org\/","title":{"rendered":"Bienvenida"},"content":{"rendered":"\n<p>Bienvenido a la p\u00e1gina web de la Iglesia B\u00edblica Bautista Fe de Oviedo, en el Principado de Asturias, Espa\u00f1a. Nos honras con tu visita a nuestra p\u00e1gina. Deseamos que esta p\u00e1gina sea una bendici\u00f3n a todos los que leen la informaci\u00f3n que contiene. Somos una congregaci\u00f3n de personas, que al o\u00edr la verdad que Jesucristo vino al mundo para morir en la cruz del Calvario en el lugar de cada uno de nosotros; para librarnos a cada uno de la condenaci\u00f3n eterna y nuestra inclinaci\u00f3n de hacer el mal, le aceptamos como nuestro \u00fanico y suficiente Salvador personal. Deseamos que todo el mundo oye estas buenas nuevas tambi\u00e9n, y llega experimentar la vida que solo Jesucristo puede dar.<\/p>\n\n\n\n<blockquote class=\"wp-block-quote is-layout-flow wp-block-quote-is-layout-flow\">\n<p>Adem\u00e1s es nuestro deseo ministrar a toda la familia. Queremos proteger y&nbsp;fortalecer a la divina instituci\u00f3n de la familia por darles a conocer el incalculable valor eterno de conocer a Cristo personalmente; y como esto unificar\u00e1 la familia que en turno fortalecer\u00e1 la congregaci\u00f3n de creyentes hecho de familias bien fundadas en la eterna verdad que nos edifica y libra para vivir sabiamente en un mundo lleno de confusi\u00f3n.<\/p>\n<\/blockquote>\n\n\n\n<p>Tenemos clases en nuestra Escuela Dominical cada Domingo a las 11:00 de la ma\u00f1ana para los ni\u00f1os y para los adultos una clase predicaci\u00f3n.<br>A las 12:10\u00a0 todos nos juntamos para adorar a Dios en canto y oraci\u00f3n, y para escuchar la exposici\u00f3n de la Palabra de Dios para que seamos edificados en la verdad que nos libra del mal. Tambi\u00e9n nos reunimos a las 6:30 de la tarde para seguir creciendo en nuestra relaci\u00f3n personal con Dios.\u00a0<\/p>\n\n\n\n<p>El \u00faltimo s\u00e1bado del mes tenemos actividades para toda la familia.&nbsp; &nbsp; &nbsp;&nbsp;<\/p>\n\n\n\n<p>Si tienes alguna duda o una pregunta, no dudes en contactarnos. Tienes una invitaci\u00f3n abierta para visitarnos en cualquiera de nuestras reuniones sin compromiso alguno.<\/p>\n","protected":false},"excerpt":{"rendered":"<p>Bienvenido a la p\u00e1gina web de la Iglesia B\u00edblica Bautista Fe de Oviedo, en el Principado de Asturias, Espa\u00f1a. Nos honras con tu visita a nuestra p\u00e1gina. Deseamos que esta&hellip;<\/p>\n","protected":false},"author":1,"featured_media":0,"parent":0,"menu_order":0,"comment_status":"closed","ping_status":"open","template":"","meta":{"footnotes":""},"class_list":["post-2","page","type-page","status-publish","hentry"],"_links":{"self":[{"href":"https:\/\/ibbfoviedo.org\/index.php?rest_route=\/wp\/v2\/pages\/2","targetHints":{"allow":["GET"]}}],"collection":[{"href":"https:\/\/ibbfoviedo.org\/index.php?rest_route=\/wp\/v2\/pages"}],"about":[{"href":"https:\/\/ibbfoviedo.org\/index.php?rest_route=\/wp\/v2\/types\/page"}],"author":[{"embeddable":true,"href":"https:\/\/ibbfoviedo.org\/index.php?rest_route=\/wp\/v2\/users\/1"}],"replies":[{"embeddable":true,"href":"https:\/\/ibbfoviedo.org\/index.php?rest_route=%2Fwp%2Fv2%2Fcomments&post=2"}],"version-history":[{"count":5,"href":"https:\/\/ibbfoviedo.org\/index.php?rest_route=\/wp\/v2\/pages\/2\/revisions"}],"predecessor-version":[{"id":81,"href":"https:\/\/ibbfoviedo.org\/index.php?rest_route=\/wp\/v2\/pages\/2\/revisions\/81"}],"wp:attachment":[{"href":"https:\/\/ibbfoviedo.org\/index.php?rest_route=%2Fwp%2Fv2%2Fmedia&parent=2"}],"curies":[{"name":"wp","href":"https:\/\/api.w.org\/{rel}","templated":true}]}}