{"id":16,"date":"2023-01-27T11:10:08","date_gmt":"2023-01-27T11:10:08","guid":{"rendered":"https:\/\/ibbfoviedo.org\/?page_id=16"},"modified":"2023-01-27T12:21:25","modified_gmt":"2023-01-27T12:21:25","slug":"una-esperanza","status":"publish","type":"page","link":"https:\/\/ibbfoviedo.org\/?page_id=16","title":{"rendered":"Una esperanza"},"content":{"rendered":"\n<p class=\"has-text-align-center has-vivid-red-color has-text-color\"><em><strong>Solo Hay Una Esperanza<\/strong><\/em><\/p>\n\n\n\n<p>\u00bfPorque es Cristo la \u00fanica esperanza? \u00bfmentiste alguna vez? Si mentiste alguna vez, \u00bfComo se llama uno que miente? si dijiste \u201cmentiroso\u201d, es verdad. \u00bfRobaste algo alguna vez? Si robaste algo alguna vez, \u00bfComo se llama uno que roba? si dijiste \u201cladr\u00f3n\u201d, es verdad tambi\u00e9n. \u00bfAlguna vez en una furia llamaste a algui\u00e9n \u201cfatuo\u201d o \u201ctonto\u201d? Jesucristo dijo:<\/p>\n\n\n\n<p><em>\u201cO\u00edsteis que fue dicho a los antiguos: No matar\u00e1s; y cualquiera que matare ser\u00e1 culpable de juicio. Pero yo os digo que cualquiera que se enoje contra su hermano, ser\u00e1 culpable de juicio; y cualquiera que diga: Necio, a su hermano, ser\u00e1 culpable ante el concilio; y cualquiera que le diga: Fatuo, quedar\u00e1 expuesto al infierno de fuego.\u201d<\/em>&nbsp;(El Evangelio del Ap\u00f3stol Mateo 5:21-22)<\/p>\n\n\n\n<p>O sea, que seg\u00fan Dios, el que se enoje con alguien tanto que le llama \u201cFatuo\u201d o \u201ctonto\u201d merece ir al infierno igual que un homicidio. Dios no solo juzga los hechos de uno, sino tambi\u00e9n juzga las intenciones del corazon. As\u00ed que, seg\u00fan Dios, si tu has mentido, o robado, o has llamado a alguien \u201cFatuo\u201d o \u201ctonto\u201d, cometiendo homicidio en tu coraz\u00f3n, eres culpable delante de \u00e9l y eres condenado a la muerte eterna en el lago de fuego.<\/p>\n\n\n\n<p><em>\u201cPero los cobardes e incr\u00e9dulos, los abominables y homicidas, los fornicarios y hechiceros, los id\u00f3litras y todos los mentirosos tendr\u00e1n su parte en el lago que arde con fuego y azufre, que es la muerte segunda.\u201d<\/em>&nbsp;(Apocalipsis 21:8 de la Santa Biblia)<\/p>\n\n\n\n<p>\u00bfPorque Dios condenar\u00e1 a un mentiroso al mismo fin que un homicidio? Santiago en su ep\u00edstola dice que&nbsp;<em>\u201c&#8230;si hac\u00e9is acepci\u00f3n de personas, comet\u00e9is pecado, y qued\u00e1is convictos por la ley de transgresores. Porque cualquiera que guardare toda la ley, pero ofendiere en un punto, se hace culpable de todos. Porque el que dijo: No cometer\u00e1s adulterio, tambi\u00e9n ha dicho: No matar\u00e1s. Ahora bi\u00e9n, si no cometes adulterio, pero matas, ya has hecho transgresor de la ley.\u00bb<\/em>&nbsp;(Santiago 2:9-11)<\/p>\n\n\n\n<p class=\"has-text-align-center has-vivid-red-color has-text-color\"><strong><em>Ley de Vida<\/em><\/strong><\/p>\n\n\n\n<p>El Ap\u00f3stol Pablo escribiendo a la congregaci\u00f3n de los creyentes en Roma dijo:<\/p>\n\n\n\n<p><em>\u201cPor tanto, como el pecado entr\u00f3 en el mundo por un hombre, y por el pecado la muerte, as\u00ed la muerte pas\u00f3 a todos los hombres, por cuanto todos pecaron.\u201d<\/em>&nbsp;(Romanos 5:12)<\/p>\n\n\n\n<p>Todos vamos a morir, nadie escapar\u00e1 de la muerte, es ley de vida. Esta prueba que todos somos pecadores&nbsp;<em>\u201cPorque la paga del pecado es la muerte,&#8230;\u201d<\/em>&nbsp;(Romanos 6:23)<\/p>\n\n\n\n<p>Entonces todos quedamos \u201cbajo el juicio de Dios;\u201d (Romanos 3:19) Tambi\u00e9n Pablo escribi\u00f3 a los Hebreos diciendo<em>&nbsp;\u201cY de la manera que est\u00e1 establecida para los hombres que mueran una sola vez, y despu\u00e9s de esto el juicio,&#8230;\u201d<\/em>&nbsp;(Hebreos 9:27)<\/p>\n\n\n\n<p>Pero contin\u00faa diciendo:<\/p>\n\n\n\n<p><em>\u201cas\u00ed tambi\u00e9n Cristo fue ofrecido una sola vez para llevar los pecados de muchos; y aparecer\u00e1 por segunda vez, sin relaci\u00f3n con el pecado, para salvar a los que le esperan.\u201d<\/em>&nbsp;(Hebreos 9:28)<\/p>\n\n\n\n<p>Tambi\u00e9n despu\u00e9s de escribir a los Romanos que&nbsp;<em>\u201cla paga del pecado es la muerte,&#8230;\u201d<\/em>&nbsp;Pablo a\u00f1adi\u00f3<em>&nbsp;\u201cmas la d\u00e1diva de Dios es vida eterna en Cristo Jes\u00fas Se\u00f1or nuestro.\u201d<\/em>&nbsp;(Romanos 6:23) As\u00ed que Dios ha provisto una manera para salvarnos de la condenaci\u00f3n etrerna.<\/p>\n\n\n\n<p class=\"has-text-align-center has-vivid-red-color has-text-color\"><strong><em>Las Buenas Nuevas<\/em><\/strong><\/p>\n\n\n\n<p>Cuando Jesucristo habl\u00f3 con el Fariseo, Nicodemo, le dijo que:<\/p>\n\n\n\n<p><em>\u201cPorque de tal manera am\u00f3 Dios al mundo, que ha dado a su Hijo unig\u00e9nito, para que todo aquel que en \u00e9l cree, no se pierda, mas tenga vida eterna. Porque no envi\u00f3 Dios a su Hijo al mundo para condenar al mundo, sino para que el mundo sea salvo por \u00e9l. El que en \u00e9l cree, no es condenado; pero el que no cree, ya ha sido condenado, porque no ha cre\u00eddo en el nombre del unig\u00e9nito Hijo de Dios. Y esta es la condenaci\u00f3n: que la luz vino al mundo, y los hombres amaron m\u00e1s las tinieblas que la luz, porque sus obras eran malas.\u201d<\/em>&nbsp;(Juan 3:16-19)<\/p>\n\n\n\n<p>Tambi\u00e9n el Ap\u00f3stol Pablo escribi\u00f3 a los Romanos:<\/p>\n\n\n\n<p><em>\u201cque si confesares con tu boca que Jes\u00fas es el Se\u00f1or, y creyeres en tu coraz\u00f3n que Dios le levant\u00f3 de los muertos, ser\u00e1s salvo. Porque con el coraz\u00f3n se cree para justicia, pero con la boca se confiesa para salvaci\u00f3n&#8230;.\u201d&nbsp;<\/em>Y citando el profeta Joel del Antiguo Testamento a\u00f1ade<em>&nbsp;\u201cporque todo aquel que invocare el nombre del Se\u00f1or, ser\u00e1 salvo.\u201d<\/em>&nbsp;(Romanos 10:9-10 y 13)<\/p>\n\n\n\n<p>\u00bfComo hizo Dios la salvaci\u00f3n tan sencilla? Pues pag\u00f3 un precio alto.<\/p>\n\n\n\n<p><em>\u201cPorque Cristo, cuando a\u00fan \u00e9ramos d\u00e9biles, a su tiempo muri\u00f3 por los imp\u00edos. Ciertamente, apenas morir\u00e1 alguno por un justo; con todo, pudiera ser que alguno osara morir por un bueno. Mas Dios muestra su amor para con nosotros, en que siendo a\u00fan pecadores, Cristo muri\u00f3 por nosotros:\u201d<\/em>&nbsp;(Romanos 5:6-8)<\/p>\n\n\n\n<p>El Ap\u00f3stol Pedro en su ep\u00edstola declar\u00f3 que&nbsp;<em>\u201c&#8230;Cristo padeci\u00f3 una sola vez por los pecados, el justo por los injustos, para llevarnos a Dios, siendo a la verdad muerto en la carne, pero vivificado en esp\u00edritu;\u201d<\/em>&nbsp;(I\u00aa Pedro 3:18) As\u00ed que, como Cristo pag\u00f3 tu deuda por morir en tu lugar en la cruz del Calvario, porque no te arrepientes de tu pecado y por fe, solo por fe, recibes a Cristo como tu Se\u00f1or y Salvador personal.<\/p>\n\n\n\n<p>En II\u00aa Corintios 5:20-21 el Ap\u00f3stol Pablo dijo:<\/p>\n\n\n\n<p><em>\u201cAs\u00ed que, somos embajadores en nombre de Cristo, como si Dios rogase por medio de nosotros; os rogamos en nombre de Cristo: Reconciliaos con Dios. Al que no conoci\u00f3 pecado, por nosotros lo hizo pecado, para que nosotros fu\u00e9semos hechos justicia de Dios en \u00e9l.\u201d<\/em><\/p>\n\n\n\n<p>La vida es fugaz, la muerte es cierta; ley de vida. Despu\u00e9s habr\u00e1 el juicio para determinar donde vivir\u00e1 nuestra alma para siempre o en el infierno o en el cielo. En Salmo 51:17 el Rey David dijo que&nbsp;<em>\u201cLos sacrificios de Dios son el esp\u00edritu quebrantado; Al coraz\u00f3n contrito y humillado no despreciar\u00e1s t\u00fa oh Dios.\u00bb<\/em><\/p>\n\n\n\n<p>En Isa\u00edas 55:6-7 el profeta Isa\u00edas nos exhorta:<\/p>\n\n\n\n<p><em>\u201cBuscad a Jehov\u00e1 mientras puede ser hallado, llamadle en tanto que est\u00e1 cercano. Deje el imp\u00edo su camino, y el hombre inicuo sus pensamientos, y vu\u00e9lvase a Jehov\u00e1, el cual tendr\u00e1 de \u00e9l misericordia, y al Dios nuestro, el cual ser\u00e1 amplio en perdonar.\u201d<\/em><\/p>\n\n\n\n<p>El dijo<em>&nbsp;\u201cDe cierto, de cierto os digo: El que oye mi palabra, y cree al que me envi\u00f3, tiene vida eterna; y no vendr\u00e1 a condenaci\u00f3n, mas ha pasado de muerte a vida.\u201d<\/em>&nbsp;(Juan 5:24)<\/p>\n","protected":false},"excerpt":{"rendered":"<p>\u00bfPorque es Cristo la \u00fanica esperanza?La vida es fugaz, la muerte es cierta. \u201cBuscad a Jehov\u00e1 mientras puede ser hallado\u00bb.<\/p>\n","protected":false},"author":1,"featured_media":51,"parent":0,"menu_order":0,"comment_status":"closed","ping_status":"closed","template":"","meta":{"footnotes":""},"class_list":["post-16","page","type-page","status-publish","has-post-thumbnail","hentry"],"_links":{"self":[{"href":"https:\/\/ibbfoviedo.org\/index.php?rest_route=\/wp\/v2\/pages\/16","targetHints":{"allow":["GET"]}}],"collection":[{"href":"https:\/\/ibbfoviedo.org\/index.php?rest_route=\/wp\/v2\/pages"}],"about":[{"href":"https:\/\/ibbfoviedo.org\/index.php?rest_route=\/wp\/v2\/types\/page"}],"author":[{"embeddable":true,"href":"https:\/\/ibbfoviedo.org\/index.php?rest_route=\/wp\/v2\/users\/1"}],"replies":[{"embeddable":true,"href":"https:\/\/ibbfoviedo.org\/index.php?rest_route=%2Fwp%2Fv2%2Fcomments&post=16"}],"version-history":[{"count":5,"href":"https:\/\/ibbfoviedo.org\/index.php?rest_route=\/wp\/v2\/pages\/16\/revisions"}],"predecessor-version":[{"id":63,"href":"https:\/\/ibbfoviedo.org\/index.php?rest_route=\/wp\/v2\/pages\/16\/revisions\/63"}],"wp:featuredmedia":[{"embeddable":true,"href":"https:\/\/ibbfoviedo.org\/index.php?rest_route=\/wp\/v2\/media\/51"}],"wp:attachment":[{"href":"https:\/\/ibbfoviedo.org\/index.php?rest_route=%2Fwp%2Fv2%2Fmedia&parent=16"}],"curies":[{"name":"wp","href":"https:\/\/api.w.org\/{rel}","templated":true}]}}