{"id":10,"date":"2023-01-27T11:07:34","date_gmt":"2023-01-27T11:07:34","guid":{"rendered":"https:\/\/ibbfoviedo.org\/?page_id=10"},"modified":"2023-01-27T12:19:06","modified_gmt":"2023-01-27T12:19:06","slug":"nuestras-creencias","status":"publish","type":"page","link":"https:\/\/ibbfoviedo.org\/?page_id=10","title":{"rendered":"Nuestras creencias"},"content":{"rendered":"<div class=\"wp-block-image\">\n<figure class=\"aligncenter size-full\"><img loading=\"lazy\" decoding=\"async\" width=\"600\" height=\"50\" src=\"https:\/\/ibbfoviedo.org\/wp-content\/uploads\/2023\/01\/titulo.png\" alt=\"\" class=\"wp-image-11\" srcset=\"https:\/\/ibbfoviedo.org\/wp-content\/uploads\/2023\/01\/titulo.png 600w, https:\/\/ibbfoviedo.org\/wp-content\/uploads\/2023\/01\/titulo-300x25.png 300w\" sizes=\"auto, (max-width: 600px) 100vw, 600px\" \/><\/figure>\n<\/div>\n\n\n<p class=\"has-text-align-center\"><em>\u00bfQu\u00e9 es una iglesia b\u00edblica, Bautista y fundamental?<\/em><\/p>\n\n\n\n<p>Una iglesia b\u00edblica, Bautista Nuevo Testamentaria y fundamental es una iglesia que tiene la Biblia como su \u00fanica norma de fe y practica, y hist\u00f3ricamente se ha mantenido y contendido por la fe una vez dada a los santos basada en unas verdades fundamentales de las Sagradas Escrituras. Estas verdades fundamentales de la Biblia son las siguientes.<\/p>\n\n\n\n<figure class=\"wp-block-image\"><img decoding=\"async\" src=\"https:\/\/web.archive.org\/web\/20150213023306im_\/http:\/\/ibbfoviedo.org\/images\/stories\/f1.jpg\" alt=\"\"\/><\/figure>\n\n\n\n<p><strong>&#8211; La Inspiraci\u00f3n Divina de la Biblia&nbsp;<\/strong>&#8211; Que los sesenta y seis (66) libros que componen las Sagradas Escrituras son plenamente, verbalmente inspirada por Dios sin mezcla de error.<\/p>\n\n\n\n<p><em>\u00abEnteniendo primero esto, que ninguna profec\u00eda de la Escritura es de interpretaci\u00f3n privada,&nbsp;<\/em><em>porque nunca la profec\u00eda fue tra\u00edda por voluntad humana, sino que los santos hombres de&nbsp;<\/em><em>Dios hablaron siendo inspirados por el Esp\u00edritu Santo\u201d&nbsp;<\/em>II\u00aa Pedro 1:20-21<\/p>\n\n\n\n<figure class=\"wp-block-image\"><img decoding=\"async\" src=\"https:\/\/web.archive.org\/web\/20150213023306im_\/http:\/\/ibbfoviedo.org\/images\/stories\/f2.jpg\" alt=\"\"\/><\/figure>\n\n\n\n<p><strong>&#8211; La Deidad de Jesucristo<\/strong>&nbsp;&#8211; Que Cristo es Dios Hijo, la segunda persona de la&nbsp;Santa Trinidad.<\/p>\n\n\n\n<p><em>\u201cDe quienes son los patriarcas, y de los cuales, seg\u00fan la carne, vino Cristo, el cual es Dios sobre todas las cosas, bendito por los siglos. Am\u00e9n.\u201d&nbsp;<\/em>Romanos 9:5<\/p>\n\n\n\n<figure class=\"wp-block-image\"><img decoding=\"async\" src=\"https:\/\/web.archive.org\/web\/20150213023306im_\/http:\/\/ibbfoviedo.org\/images\/stories\/f3.jpg\" alt=\"\"\/><\/figure>\n\n\n\n<p><strong>&#8211; El nacimiento virginal de Jesucristo<\/strong>&nbsp;&#8211; Que Cristo fue concebido por el&nbsp;Esp\u00edritu Santo en una manera sobrenatural y nacido de una&nbsp;virgen que se&nbsp;llamaba Mar\u00eda.<\/p>\n\n\n\n<p><em>\u201cEl nacimiento de Jesucristo fue as\u00ed: Estando desposada Mar\u00eda su madre con Jos\u00e9, antes que se&nbsp;juntasen se hall\u00f3 que hab\u00eda concebido del Esp\u00edritu Santo.\u201d&nbsp;<\/em>Mateo 1:18<\/p>\n\n\n\n<figure class=\"wp-block-image\"><img decoding=\"async\" src=\"https:\/\/web.archive.org\/web\/20150213023306im_\/http:\/\/ibbfoviedo.org\/images\/stories\/f4.jpg\" alt=\"\"\/><\/figure>\n\n\n\n<p><strong>&#8211; La expiaci\u00f3n sangrienta por la &nbsp;muerte vicaria de Jesucristo en la<\/strong><strong>&nbsp;<\/strong><strong>cruz del Calvario<\/strong>&nbsp;&#8211; Que Cristo muri\u00f3 en el lugar de cada persona humana derramando&nbsp;su sangre en&nbsp;expiaci\u00f3n por sus pecados.<\/p>\n\n\n\n<p><em>\u201cPorque tambi\u00e9n Cristo padeci\u00f3 una sola vez por los pecados, el justo por los injustos, para llevarnos a Dios, siendo a la verdad muerto en la carne, pero vivificado en esp\u00edritu;\u201d&nbsp;<\/em>I\u00aa Pedro 3:18<\/p>\n\n\n\n<figure class=\"wp-block-image\"><img decoding=\"async\" src=\"https:\/\/web.archive.org\/web\/20150213023306im_\/http:\/\/ibbfoviedo.org\/images\/stories\/f5.jpg\" alt=\"\"\/><\/figure>\n\n\n\n<p><strong>&#8211; La resurrecci\u00f3n corporal de Jesucristo<\/strong>&nbsp;&#8211; Que Cristo literalmente, corporalmente resucit\u00f3 de&nbsp;entre los muertos.<\/p>\n\n\n\n<p><em>\u201cPorque primeramente os he ense\u00f1ado lo que aismismo recib\u00ed: Que Cristo muri\u00f3 por nuestros&nbsp;pecados, conforme a las Escrituras; y que fue sepultado, y que resucit\u00f3 al tercer d\u00eda, conforme&nbsp;a las Escrituras.\u201d<\/em>&nbsp;I\u00aa Corintios 15:3-4<\/p>\n\n\n\n<figure class=\"wp-block-image\"><img decoding=\"async\" src=\"https:\/\/web.archive.org\/web\/20150213023306im_\/http:\/\/ibbfoviedo.org\/images\/stories\/f6.jpg\" alt=\"\"\/><\/figure>\n\n\n\n<p><strong>&#8211; La Segunda venida premilenial de Jesucristo<\/strong>&nbsp;&#8211; Que Cristo vendr\u00e1 visiblemente, corporalmente a la tierra por segunda vez al final del periodo&nbsp;tribulacional y antes del&nbsp;comienzo de su reino milenial.<\/p>\n\n\n\n<p><em>\u201cLos cuales tambi\u00e9n les dijeron: Varones galileos, \u00bfpor qu\u00e9 est\u00e1is mirando al cielo? Este mismo&nbsp;Jes\u00fas, que ha sido tomado de vosotros al cielo, as\u00ed vendr\u00e1 como le hab\u00e9is visto ir al cielo.\u201d<\/em>&nbsp;Hechos 1:11<\/p>\n\n\n\n<figure class=\"wp-block-image\"><img decoding=\"async\" src=\"https:\/\/web.archive.org\/web\/20150213023306im_\/http:\/\/ibbfoviedo.org\/images\/stories\/f7.jpg\" alt=\"\"\/><\/figure>\n\n\n\n<p><strong>&#8211; La Salvaci\u00f3n por la gracia de Dios mediante la fe en Jesucristo<\/strong>&nbsp;&#8211; &nbsp;Que el&nbsp;hombre es salvo s\u00f3lo por la gracia de Dios al poner su fe en la obra&nbsp;expiatoria&nbsp;de Jesucristo como el precio pagado por su pecado.<\/p>\n\n\n\n<p><em>\u201cPorque por gracia sois salvos por medio de la fe; y esto no de vosotros, &nbsp;pues es don de Dios;&nbsp;no por obras, para que nadie se glor\u00ede.\u201d<\/em>&nbsp;Efesios 2:8-9<\/p>\n\n\n\n<p>*&nbsp;Las Iglesias&nbsp;Fundamentales siempre han mantenido que el pentecostalismo es una ese\u00f1anza err\u00f3nea; que los dones milagrosos&nbsp;fueron dados solo para confirmar el mensaje de los Ap\u00f3stoles (<strong>Hebreos 2:3-4<\/strong>), pero acabaron o cesaron cuando la \u00faltima&nbsp;palabra de la Biblia fue escrita y confirmada (<strong>I\u00aa Corintios 13:8-10<\/strong>). Tambi\u00e9n siempre han cre\u00eddo en nuestro deber de predicar&nbsp;el Evangelio a toda criatura (<strong>Marcos 16:15; Mateo 28:18-20<\/strong>)<\/p>\n\n\n\n<hr class=\"wp-block-separator has-alpha-channel-opacity\"\/>\n\n\n\n<p>\u00bfQui\u00e9nes son los Bautistas?<\/p>\n\n\n\n<p class=\"has-vivid-red-color has-text-color\">La&nbsp;<strong>B<\/strong>iblia nuestra \u00fanica regla de fe y pr\u00e1ctica<\/p>\n\n\n\n<p><em>\u201cToda la Escritura es inspirada por Dios, y \u00fatil para ense\u00f1ar, para redarg\u00fcir para corregir, para&nbsp;instruir en justicia, a fin de que el hombre de Dios sea perfecto, enteramente preparado para&nbsp;toda buena obra.\u201d<\/em>&nbsp;II\u00aa Timoteo 3:16-17<\/p>\n\n\n\n<p class=\"has-vivid-red-color has-text-color\">La&nbsp;<strong>A<\/strong>utonom\u00eda de la iglesia local<\/p>\n\n\n\n<p><em>\u201cEsto te escribo, aunque tengo la esperanza de ir pronto a verte, para que si tardo, sepas c\u00f3mo&nbsp;debes conducirte en la casa de Dios, que es la iglesia del Dios viviente, columna y baluarte&nbsp;de la verdad:\u201d<\/em>&nbsp;I\u00aa Timoteo 3:14-15<\/p>\n\n\n\n<p class=\"has-vivid-red-color has-text-color\"><strong>U<\/strong>nicamente dos oficios en la iglesia local, los pastores y los di\u00e1conos<\/p>\n\n\n\n<p><em>\u201cPablo y Timoteo, siervos de Jesucristo, a todos los santos en Cristo Jes\u00fas que est\u00e1n en Filipos,&nbsp;con los obispos, y di\u00e1conos:\u201d&nbsp;<\/em>Filipenses 1:1<\/p>\n\n\n\n<p class=\"has-vivid-red-color has-text-color\"><strong>T<\/strong>odos los miembros regenerados<\/p>\n\n\n\n<p><em>\u201c&#8230;.Y el Se\u00f1or a\u00f1ad\u00eda cada d\u00eda a la iglesia los que hab\u00edan de ser salvos.\u201d&nbsp;<\/em>Hechos 2:47<\/p>\n\n\n\n<p class=\"has-vivid-red-color has-text-color\">La&nbsp;<strong>I<\/strong>nmersi\u00f3n y la cena del Se\u00f1or las \u00fanicas ordenanzas de la iglesia local<\/p>\n\n\n\n<p><em>\u201cAs\u00ed que, los que recibieron su palabra fueron bautizados; y se a\u00f1adieron aquel d\u00eda como tres&nbsp;mil personas. Y perseveraban en la doctrina de los ap\u00f3stoles, en la comuni\u00f3n unos con otros,&nbsp;en el partimiento del pan y en las oraciones.\u201d&nbsp;<\/em>Hechos 2:41-42<\/p>\n\n\n\n<p class=\"has-vivid-red-color has-text-color\">El&nbsp;<strong>S<\/strong>acerdocio de cada creyente<\/p>\n\n\n\n<p><em>\u201cMas vosotros sois linaje escogido, real sacerdocio, naci\u00f3n santa, pueblo adquirido por Dios,&nbsp;para que anunci\u00e9is las virtudes de aquel que os llam\u00f3 de las tinieblas a su luz admirable.\u201d&nbsp;<\/em>I\u00aa Pedro 2:9<\/p>\n\n\n\n<p class=\"has-vivid-red-color has-text-color\">La&nbsp;<strong>T<\/strong>ransformaci\u00f3n del creyente en una nueva vida<\/p>\n\n\n\n<p><em>\u201cDe modo que si alguno est\u00e1 en Cristo, nueva criatura es; &nbsp;las cosas viejas pasaron; he aqu\u00ed&nbsp;todas son hechas nuevas.\u201d&nbsp;<\/em>II\u00aa Corintios 5:17<\/p>\n\n\n\n<p class=\"has-vivid-red-color has-text-color\">La&nbsp;<strong>A<\/strong>utoresponsabilidad del alma<\/p>\n\n\n\n<p><em>\u201cPorque escrito est\u00e1: Vivo yo, dice el Se\u00f1or, que ante m\u00ed se doblar\u00e1 toda rodilla, y toda lengua&nbsp;confesar\u00e1 a Dios. De manera que cada uno de nosotros dar\u00e1 a Dios cuenta de s\u00ed.\u201d<\/em>&nbsp;Romanos 14:11-12<\/p>\n\n\n\n<p class=\"has-vivid-red-color has-text-color\">La&nbsp;<strong>S<\/strong>eparacion de la iglesia y el estado<\/p>\n\n\n\n<p><em>\u201cRespondiendo Jes\u00fas, les dijo: Dad a C\u00e9sar lo que es de C\u00e9sar, y a Dios lo que es de Dios. Y se&nbsp;maravillaron de \u00e9l.\u201d&nbsp;<\/em>Marcos 12:1<\/p>\n","protected":false},"excerpt":{"rendered":"<p>Una iglesia b\u00edblica, Bautista Nuevo Testamentaria y fundamental es una iglesia que tiene la Biblia como su \u00fanica norma de fe y practica.<\/p>\n","protected":false},"author":1,"featured_media":53,"parent":0,"menu_order":0,"comment_status":"closed","ping_status":"closed","template":"","meta":{"footnotes":""},"class_list":["post-10","page","type-page","status-publish","has-post-thumbnail","hentry"],"_links":{"self":[{"href":"https:\/\/ibbfoviedo.org\/index.php?rest_route=\/wp\/v2\/pages\/10","targetHints":{"allow":["GET"]}}],"collection":[{"href":"https:\/\/ibbfoviedo.org\/index.php?rest_route=\/wp\/v2\/pages"}],"about":[{"href":"https:\/\/ibbfoviedo.org\/index.php?rest_route=\/wp\/v2\/types\/page"}],"author":[{"embeddable":true,"href":"https:\/\/ibbfoviedo.org\/index.php?rest_route=\/wp\/v2\/users\/1"}],"replies":[{"embeddable":true,"href":"https:\/\/ibbfoviedo.org\/index.php?rest_route=%2Fwp%2Fv2%2Fcomments&post=10"}],"version-history":[{"count":3,"href":"https:\/\/ibbfoviedo.org\/index.php?rest_route=\/wp\/v2\/pages\/10\/revisions"}],"predecessor-version":[{"id":58,"href":"https:\/\/ibbfoviedo.org\/index.php?rest_route=\/wp\/v2\/pages\/10\/revisions\/58"}],"wp:featuredmedia":[{"embeddable":true,"href":"https:\/\/ibbfoviedo.org\/index.php?rest_route=\/wp\/v2\/media\/53"}],"wp:attachment":[{"href":"https:\/\/ibbfoviedo.org\/index.php?rest_route=%2Fwp%2Fv2%2Fmedia&parent=10"}],"curies":[{"name":"wp","href":"https:\/\/api.w.org\/{rel}","templated":true}]}}